{"id":8,"date":"2018-10-18T23:23:59","date_gmt":"2018-10-18T23:23:59","guid":{"rendered":"http:\/\/kayherbs.com.pe\/?page_id=8"},"modified":"2019-01-04T03:49:12","modified_gmt":"2019-01-04T03:49:12","slug":"home","status":"publish","type":"page","link":"https:\/\/kayherbs.com.pe\/","title":{"rendered":"Bienvenidos a Kay Mu\u00f1a"},"content":{"rendered":"<p>La mu\u00f1a conocida como la \u00abMenta de los Andes, tiene reconocimiento por sus bondades para la alimentaci\u00f3n y tratamiento de la salud, como:<\/p>\n<ul>\n<li>Tiene alto contenido de calcio<\/li>\n<li>Us\u00e1ndola para sopas,<\/li>\n<li>Alivio de luxaciones, golpes\u00a0 y reumas<\/li>\n<li>Alejar insectos<\/li>\n<li>Digestivo, dolores de est\u00f3mago<\/li>\n<li>Inhalaciones<\/li>\n<li>Contra ectopar\u00e1sitos<\/li>\n<li>Dolores de cabeza<\/li>\n<li>Procesos de menstruaci\u00f3n<\/li>\n<li>Mal de altura o soroche<\/li>\n<li>Afecciones a los ojos<\/li>\n<\/ul>\n","protected":false},"excerpt":{"rendered":"<p>La mu\u00f1a conocida como la \u00abMenta de los Andes, tiene reconocimiento por sus bondades para la alimentaci\u00f3n y tratamiento de la salud, como: Tiene alto contenido de calcio Us\u00e1ndola para sopas, Alivio de luxaciones, golpes\u00a0 y reumas Alejar insectos Digestivo, dolores de est\u00f3mago Inhalaciones Contra ectopar\u00e1sitos Dolores de cabeza Procesos de menstruaci\u00f3n Mal de altura &hellip; <\/p>\n<p class=\"link-more\"><a href=\"https:\/\/kayherbs.com.pe\/\" class=\"more-link\">Continue reading<span class=\"screen-reader-text\"> &#8220;Bienvenidos a Kay Mu\u00f1a&#8221;<\/span><\/a><\/p>\n","protected":false},"author":1,"featured_media":0,"parent":0,"menu_order":0,"comment_status":"closed","ping_status":"closed","template":"","meta":{"footnotes":""},"class_list":["post-8","page","type-page","status-publish","hentry"],"_links":{"self":[{"href":"https:\/\/kayherbs.com.pe\/index.php\/wp-json\/wp\/v2\/pages\/8","targetHints":{"allow":["GET"]}}],"collection":[{"href":"https:\/\/kayherbs.com.pe\/index.php\/wp-json\/wp\/v2\/pages"}],"about":[{"href":"https:\/\/kayherbs.com.pe\/index.php\/wp-json\/wp\/v2\/types\/page"}],"author":[{"embeddable":true,"href":"https:\/\/kayherbs.com.pe\/index.php\/wp-json\/wp\/v2\/users\/1"}],"replies":[{"embeddable":true,"href":"https:\/\/kayherbs.com.pe\/index.php\/wp-json\/wp\/v2\/comments?post=8"}],"version-history":[{"count":4,"href":"https:\/\/kayherbs.com.pe\/index.php\/wp-json\/wp\/v2\/pages\/8\/revisions"}],"predecessor-version":[{"id":62,"href":"https:\/\/kayherbs.com.pe\/index.php\/wp-json\/wp\/v2\/pages\/8\/revisions\/62"}],"wp:attachment":[{"href":"https:\/\/kayherbs.com.pe\/index.php\/wp-json\/wp\/v2\/media?parent=8"}],"curies":[{"name":"wp","href":"https:\/\/api.w.org\/{rel}","templated":true}]}}