{"id":9,"date":"2018-10-18T23:23:59","date_gmt":"2018-10-18T23:23:59","guid":{"rendered":"http:\/\/kayherbs.com.pe\/?page_id=9"},"modified":"2019-01-04T03:48:41","modified_gmt":"2019-01-04T03:48:41","slug":"about","status":"publish","type":"page","link":"https:\/\/kayherbs.com.pe\/index.php\/about\/","title":{"rendered":"Acerca de Nosotros"},"content":{"rendered":"<p>Somos una <b>empresa familiar<\/b> cuya visi\u00f3n es que \u00e9sta planta est\u00e9 disponible para todos, queremos <b>contribuir a su ecosistema <\/b>\u00a0cultivando especies importantes de la mu\u00f1a que est\u00e1n presentes en particular en la <b>zona centro <\/b><b>de Los Andes del <\/b><b>Per\u00fa<\/b>. Hemos implementado <b>procesos <\/b><b>responsables<\/b> y de <b>calidad artesanal<\/b> para garantizar un producto <b>100% natural<\/b>.<\/p>\n<p>&nbsp;<\/p>\n<p>&nbsp;<\/p>\n","protected":false},"excerpt":{"rendered":"<p>Somos una empresa familiar cuya visi\u00f3n es que \u00e9sta planta est\u00e9 disponible para todos, queremos contribuir a su ecosistema \u00a0cultivando especies importantes de la mu\u00f1a que est\u00e1n presentes en particular en la zona centro de Los Andes del Per\u00fa. Hemos implementado procesos responsables y de calidad artesanal para garantizar un producto 100% natural. &nbsp; &nbsp;<\/p>\n","protected":false},"author":1,"featured_media":0,"parent":0,"menu_order":0,"comment_status":"closed","ping_status":"closed","template":"","meta":{"footnotes":""},"class_list":["post-9","page","type-page","status-publish","hentry"],"_links":{"self":[{"href":"https:\/\/kayherbs.com.pe\/index.php\/wp-json\/wp\/v2\/pages\/9","targetHints":{"allow":["GET"]}}],"collection":[{"href":"https:\/\/kayherbs.com.pe\/index.php\/wp-json\/wp\/v2\/pages"}],"about":[{"href":"https:\/\/kayherbs.com.pe\/index.php\/wp-json\/wp\/v2\/types\/page"}],"author":[{"embeddable":true,"href":"https:\/\/kayherbs.com.pe\/index.php\/wp-json\/wp\/v2\/users\/1"}],"replies":[{"embeddable":true,"href":"https:\/\/kayherbs.com.pe\/index.php\/wp-json\/wp\/v2\/comments?post=9"}],"version-history":[{"count":4,"href":"https:\/\/kayherbs.com.pe\/index.php\/wp-json\/wp\/v2\/pages\/9\/revisions"}],"predecessor-version":[{"id":61,"href":"https:\/\/kayherbs.com.pe\/index.php\/wp-json\/wp\/v2\/pages\/9\/revisions\/61"}],"wp:attachment":[{"href":"https:\/\/kayherbs.com.pe\/index.php\/wp-json\/wp\/v2\/media?parent=9"}],"curies":[{"name":"wp","href":"https:\/\/api.w.org\/{rel}","templated":true}]}}